{"id":10508,"date":"2024-11-14T13:59:36","date_gmt":"2024-11-14T13:59:36","guid":{"rendered":"https:\/\/grabthetrends.com\/?page_id=10508"},"modified":"2024-11-30T11:54:45","modified_gmt":"2024-11-30T11:54:45","slug":"gizlilik-guvenlik-politikasi","status":"publish","type":"page","link":"https:\/\/grabthetrends.com\/tr\/gizlilik-guvenlik-politikasi\/","title":{"rendered":"Gizlilik ve G\u00fcvenlik Politikas\u0131"},"content":{"rendered":"<p><strong>T\u00fcm Hizmetler<br \/><\/strong><br \/>Ma\u011fazam\u0131zda ve <strong>Grab The Trends &#8211; Lavinia Couture LLC<\/strong> olarak kay\u0131tl\u0131 bulunan <a href=\"http:\/\/www.grabthetrends.com\" target=\"_new\" rel=\"noopener\">http:\/\/www.grabthetrends.com<\/a> adresinde sunulan t\u00fcm hizmetler \u015firketimize aittir ve \u015firketimiz taraf\u0131ndan i\u015fletilmektedir.<br \/>\u015eirketimiz, \u00e7e\u015fitli ama\u00e7larla ki\u015fisel veriler toplayabilir. A\u015fa\u011f\u0131da, toplanan ki\u015fisel verilerin nas\u0131l topland\u0131\u011f\u0131 ve bu verilerin nas\u0131l korundu\u011fu a\u00e7\u0131klanmaktad\u0131r.<\/p>\r\n<p>\u00dcyelik veya ma\u011fazam\u0131zdaki \u00e7e\u015fitli form ve anketleri dolduran \u00fcyelerden al\u0131nan baz\u0131 ki\u015fisel bilgiler (isim-soyisim, firma bilgileri, telefon, adres veya e-posta adresleri gibi) i\u015fin do\u011fas\u0131 gere\u011fi ma\u011fazam\u0131z taraf\u0131ndan toplanmaktad\u0131r.<br \/>\u015eirketimiz, belirli d\u00f6nemlerde m\u00fc\u015fterilerine ve \u00fcyelerine kampanya bilgileri, yeni \u00fcr\u00fcnler hakk\u0131nda bilgiler, promosyon teklifleri g\u00f6nderebilir. \u00dcyelerimiz, \u00fcye olurken bu t\u00fcr bilgileri al\u0131p almama konusunda her t\u00fcrl\u00fc se\u00e7imi yapabilir ve bu se\u00e7im daha sonra hesap bilgileri b\u00f6l\u00fcm\u00fcnden de\u011fi\u015ftirilebilir veya al\u0131nan bildirim mesaj\u0131ndaki ba\u011flant\u0131 arac\u0131l\u0131\u011f\u0131yla bildirimde bulunulabilir.<\/p>\r\n<p>\u00dcyelerimiz taraf\u0131ndan elektronik ortamda ma\u011fazam\u0131za iletilen ki\u015fisel bilgiler, \u00fcyelerimizle yapt\u0131\u011f\u0131m\u0131z \u201c\u00dcyelik S\u00f6zle\u015fmesi\u201dnde belirtilen ama\u00e7lar ve kapsam d\u0131\u015f\u0131nda \u00fc\u00e7\u00fcnc\u00fc ki\u015filere a\u00e7\u0131klanmayacakt\u0131r.<br \/>Sistemle ilgili sorunlar\u0131n h\u0131zl\u0131 bir \u015fekilde tan\u0131mlanmas\u0131 ve sa\u011flanan hizmetle ilgili \u00e7\u0131kabilecek sorun veya anla\u015fmazl\u0131klar\u0131n h\u0131zla \u00e7\u00f6z\u00fclmesi i\u00e7in \u015firketimiz, \u00fcyelerinin IP adreslerini kaydetmekte ve kullanmaktad\u0131r. IP adresleri ayr\u0131ca kullan\u0131c\u0131lar\u0131 genel bir \u015fekilde tan\u0131mlamak ve kapsaml\u0131 demografik bilgi toplamak amac\u0131yla da kullan\u0131labilir.<\/p>\r\n<p>\u015eirketimiz, istenen bilgileri \u201c\u00dcyelik S\u00f6zle\u015fmesi\u201dnde belirtilen ama\u00e7lar ve kapsam d\u0131\u015f\u0131nda yaln\u0131zca kendi veya i\u015f birli\u011fi yapt\u0131\u011f\u0131 kurulu\u015flar taraf\u0131ndan do\u011frudan pazarlama yapmak amac\u0131yla kullanabilir. Ki\u015fisel bilgiler gerekti\u011finde kullan\u0131c\u0131yla ileti\u015fim kurmak i\u00e7in de kullan\u0131labilir. \u015eirketimiz veya kullan\u0131c\u0131 taraf\u0131ndan sa\u011flanan bilgiler ya da ma\u011fazam\u0131z arac\u0131l\u0131\u011f\u0131yla yap\u0131lan i\u015flemler hakk\u0131ndaki bilgiler; kimlik bilgilerini a\u00e7\u0131klamamak kayd\u0131yla, \u015firketimiz ve i\u015f birli\u011fi yapt\u0131\u011f\u0131 kurulu\u015flar taraf\u0131ndan \u00e7e\u015fitli istatistiksel de\u011ferlendirmeler, veri taban\u0131 olu\u015fturma ve pazar ara\u015ft\u0131rmalar\u0131nda kullan\u0131labilir.<\/p>\r\n<p>\u015eirketimiz, gizli bilgileri kesinlikle gizli tutmay\u0131, bir gizlilik y\u00fck\u00fcml\u00fcl\u00fc\u011f\u00fc olarak g\u00f6rmeyi ve bu bilgilerin gizlili\u011fini sa\u011flamak ve s\u00fcrd\u00fcrmek, gizli bilginin tamam\u0131n\u0131n veya herhangi bir k\u0131sm\u0131n\u0131n kamu alan\u0131na girmesini veya yetkisiz kullan\u0131m\u0131n\u0131 veya \u00fc\u00e7\u00fcnc\u00fc bir tarafa if\u015fas\u0131n\u0131 \u00f6nlemek i\u00e7in gerekli t\u00fcm tedbirleri almay\u0131 ve \u00f6zen g\u00f6stermeyi taahh\u00fct etmektedir.<\/p>","protected":false},"excerpt":{"rendered":"<p>T\u00fcm HizmetlerMa\u011fazam\u0131zda ve Grab The Trends &#8211; Lavinia Couture LLC olarak kay\u0131tl\u0131 bulunan http:\/\/www.grabthetrends.com adresinde sunulan t\u00fcm hizmetler \u015firketimize aittir<\/p>\n","protected":false},"author":1,"featured_media":0,"parent":0,"menu_order":0,"comment_status":"closed","ping_status":"open","template":"","meta":{"footnotes":""},"class_list":["post-10508","page","type-page","status-publish","hentry"],"_links":{"self":[{"href":"https:\/\/grabthetrends.com\/tr\/wp-json\/wp\/v2\/pages\/10508","targetHints":{"allow":["GET"]}}],"collection":[{"href":"https:\/\/grabthetrends.com\/tr\/wp-json\/wp\/v2\/pages"}],"about":[{"href":"https:\/\/grabthetrends.com\/tr\/wp-json\/wp\/v2\/types\/page"}],"author":[{"embeddable":true,"href":"https:\/\/grabthetrends.com\/tr\/wp-json\/wp\/v2\/users\/1"}],"replies":[{"embeddable":true,"href":"https:\/\/grabthetrends.com\/tr\/wp-json\/wp\/v2\/comments?post=10508"}],"version-history":[{"count":1,"href":"https:\/\/grabthetrends.com\/tr\/wp-json\/wp\/v2\/pages\/10508\/revisions"}],"predecessor-version":[{"id":11924,"href":"https:\/\/grabthetrends.com\/tr\/wp-json\/wp\/v2\/pages\/10508\/revisions\/11924"}],"wp:attachment":[{"href":"https:\/\/grabthetrends.com\/tr\/wp-json\/wp\/v2\/media?parent=10508"}],"curies":[{"name":"wp","href":"https:\/\/api.w.org\/{rel}","templated":true}]}}