{"id":10557,"date":"2024-11-24T21:57:58","date_gmt":"2024-11-24T21:57:58","guid":{"rendered":"https:\/\/grabthetrends.com\/urun\/denim-trousers-with-slits\/"},"modified":"2024-11-28T09:23:19","modified_gmt":"2024-11-28T09:23:19","slug":"yirtmacli-denim-pantolon","status":"publish","type":"product","link":"https:\/\/grabthetrends.com\/tr\/product\/yirtmacli-denim-pantolon\/","title":{"rendered":"Y\u0131rtma\u00e7l\u0131 Denim Pantolon"},"content":{"rendered":"","protected":false},"excerpt":{"rendered":"","protected":false},"featured_media":10478,"comment_status":"open","ping_status":"closed","template":"","meta":[],"product_cat":[106,102],"product_tag":[],"class_list":{"0":"post-10557","1":"product","2":"type-product","3":"status-publish","4":"has-post-thumbnail","6":"product_cat-kadin","7":"product_cat-yeni-sezon","9":"first","10":"instock","11":"taxable","12":"shipping-taxable","13":"purchasable","14":"product-type-simple"},"_links":{"self":[{"href":"https:\/\/grabthetrends.com\/tr\/wp-json\/wp\/v2\/product\/10557","targetHints":{"allow":["GET"]}}],"collection":[{"href":"https:\/\/grabthetrends.com\/tr\/wp-json\/wp\/v2\/product"}],"about":[{"href":"https:\/\/grabthetrends.com\/tr\/wp-json\/wp\/v2\/types\/product"}],"replies":[{"embeddable":true,"href":"https:\/\/grabthetrends.com\/tr\/wp-json\/wp\/v2\/comments?post=10557"}],"wp:featuredmedia":[{"embeddable":true,"href":"https:\/\/grabthetrends.com\/tr\/wp-json\/wp\/v2\/media\/10478"}],"wp:attachment":[{"href":"https:\/\/grabthetrends.com\/tr\/wp-json\/wp\/v2\/media?parent=10557"}],"wp:term":[{"taxonomy":"product_cat","embeddable":true,"href":"https:\/\/grabthetrends.com\/tr\/wp-json\/wp\/v2\/product_cat?post=10557"},{"taxonomy":"product_tag","embeddable":true,"href":"https:\/\/grabthetrends.com\/tr\/wp-json\/wp\/v2\/product_tag?post=10557"}],"curies":[{"name":"wp","href":"https:\/\/api.w.org\/{rel}","templated":true}]}}